{"id":187,"date":"2018-07-10T14:02:55","date_gmt":"2018-07-10T14:02:55","guid":{"rendered":"http:\/\/routetoexcellence.com\/?page_id=187"},"modified":"2025-08-27T11:56:18","modified_gmt":"2025-08-27T11:56:18","slug":"konzultacie","status":"publish","type":"page","link":"http:\/\/routetoexcellence.com\/?page_id=187&lang=sk","title":{"rendered":"Konzult\u00e1cie"},"content":{"rendered":"<p>Konzult\u00e1cie prebiehaj\u00fa v\u017edy po\u010das v\u00e1\u0161ho pln\u00e9ho vedomia. \ud83c\udf3f<br \/>\nV\u0161etky zmeny sa aktivuj\u00fa iba s va\u0161\u00edm s\u00fahlasom a s va\u0161ou akt\u00edvnou \u00fa\u010das\u0165ou na procese lie\u010denia.<\/p>\n<p>Na vedomej \u00farovni si m\u00f4\u017eete pria\u0165 zdravie, hojnos\u0165 \u010di \u00faspech. Ak v\u0161ak v podvedom\u00ed nesiete presved\u010denie \u201enezasl\u00fa\u017eim si to,\u201c nevedomky si vytv\u00e1rate limity, ktor\u00e9 v\u00e1m br\u00e1nia naplno \u017ei\u0165 svoje sny.<br \/>\nPo\u010das konzult\u00e1cie je mo\u017en\u00e9 tieto presved\u010denia odhali\u0165 a nahradi\u0165 ich nov\u00fdmi \u2013 tak\u00fdmi, ktor\u00e9 v\u00e1s podporuj\u00fa a otv\u00e1raj\u00fa cestu k \u017eivotu, po akom t\u00fa\u017eite.<br \/>\n\u2728 Zmena t\u00fdchto brzdiacich vzorcov je okam\u017eit\u00e1.<\/p>\n<p>Ako sa pripravi\u0165 na konzult\u00e1ciu:<br \/>\n\u2022 Zamyslite sa, \u010do je pre v\u00e1s d\u00f4le\u017eit\u00e9 a \u010do by ste si \u017eelali vo svojom \u017eivote zmeni\u0165.<br \/>\n\u2022 Po\u010das konzult\u00e1cie pou\u017e\u00edvame tzv. svalov\u00fd test, pre ktor\u00fd je d\u00f4le\u017eit\u00e9 by\u0165 dobre hydratovan\u00fd \u2013 doprajte si teda dostatok tekut\u00edn.<br \/>\n\u2022 D\u013a\u017eku konzult\u00e1cie je \u0165a\u017ek\u00e9 presne odhadn\u00fa\u0165. Prv\u00e1 konzult\u00e1cia n\u00e1m v\u00e4\u010d\u0161inou uk\u00e1\u017ee, ko\u013eko \u010fal\u0161\u00edch seden\u00ed bude potrebn\u00fdch a v ak\u00fdch intervaloch.<br \/>\n\u2022 Najd\u00f4le\u017eitej\u0161ie je, aby ste pri\u0161li s \u00famyslom pozit\u00edvnej zmeny a vedeli, na \u010dom chcete pracova\u0165.<\/p>\n<p>Cenn\u00edk<br \/>\nJednorazov\u00e1 konzult\u00e1cia: 1,5h\/ 110 \u20ac, 1h\/ 95\u20ac<br \/>\nBal\u00ed\u010dek 5 seden\u00ed: zv\u00fdhodnen\u00e1 cena<br \/>\nBal\u00ed\u010dek 10 seden\u00ed: e\u0161te v\u00fdhodnej\u0161ia cena<\/p>\n","protected":false},"excerpt":{"rendered":"<p>Konzult\u00e1cie prebiehaj\u00fa v\u017edy po\u010das v\u00e1\u0161ho pln\u00e9ho vedomia. \ud83c\udf3f V\u0161etky zmeny sa aktivuj\u00fa iba s va\u0161\u00edm s\u00fahlasom a s va\u0161ou akt\u00edvnou \u00fa\u010das\u0165ou na procese lie\u010denia. Na vedomej \u00farovni si m\u00f4\u017eete pria\u0165 zdravie, hojnos\u0165 \u010di \u00faspech. Ak v\u0161ak v podvedom\u00ed nesiete presved\u010denie \u201enezasl\u00fa\u017eim si to,\u201c nevedomky si vytv\u00e1rate limity, ktor\u00e9 v\u00e1m br\u00e1nia naplno \u017ei\u0165 svoje sny. Po\u010das &hellip; <\/p>\n<p class=\"link-more\"><a href=\"http:\/\/routetoexcellence.com\/?page_id=187&#038;lang=sk\" class=\"more-link\">Continue reading<span class=\"screen-reader-text\"> &#8220;Konzult\u00e1cie&#8221;<\/span><\/a><\/p>\n","protected":false},"author":3,"featured_media":132,"parent":0,"menu_order":0,"comment_status":"closed","ping_status":"closed","template":"","meta":[],"_links":{"self":[{"href":"http:\/\/routetoexcellence.com\/index.php?rest_route=\/wp\/v2\/pages\/187"}],"collection":[{"href":"http:\/\/routetoexcellence.com\/index.php?rest_route=\/wp\/v2\/pages"}],"about":[{"href":"http:\/\/routetoexcellence.com\/index.php?rest_route=\/wp\/v2\/types\/page"}],"author":[{"embeddable":true,"href":"http:\/\/routetoexcellence.com\/index.php?rest_route=\/wp\/v2\/users\/3"}],"replies":[{"embeddable":true,"href":"http:\/\/routetoexcellence.com\/index.php?rest_route=%2Fwp%2Fv2%2Fcomments&post=187"}],"version-history":[{"count":5,"href":"http:\/\/routetoexcellence.com\/index.php?rest_route=\/wp\/v2\/pages\/187\/revisions"}],"predecessor-version":[{"id":678,"href":"http:\/\/routetoexcellence.com\/index.php?rest_route=\/wp\/v2\/pages\/187\/revisions\/678"}],"wp:featuredmedia":[{"embeddable":true,"href":"http:\/\/routetoexcellence.com\/index.php?rest_route=\/wp\/v2\/media\/132"}],"wp:attachment":[{"href":"http:\/\/routetoexcellence.com\/index.php?rest_route=%2Fwp%2Fv2%2Fmedia&parent=187"}],"curies":[{"name":"wp","href":"https:\/\/api.w.org\/{rel}","templated":true}]}}