{"id":182,"date":"2018-07-10T13:59:49","date_gmt":"2018-07-10T13:59:49","guid":{"rendered":"http:\/\/routetoexcellence.com\/?page_id=182"},"modified":"2025-08-27T09:41:27","modified_gmt":"2025-08-27T09:41:27","slug":"mozeme-pomoct","status":"publish","type":"page","link":"http:\/\/routetoexcellence.com\/?page_id=182&lang=sk","title":{"rendered":"Novinky"},"content":{"rendered":"<p>Novinky je mo\u017en\u00e9 n\u00e1js\u0165 v anglickom aj slovenskom jazyku na facebookej str\u00e1nke &#8211; @ ROUTE TO EXCELLENCE<\/p>\n","protected":false},"excerpt":{"rendered":"<p>Novinky je mo\u017en\u00e9 n\u00e1js\u0165 v anglickom aj slovenskom jazyku na facebookej str\u00e1nke &#8211; @ ROUTE TO EXCELLENCE<\/p>\n","protected":false},"author":3,"featured_media":138,"parent":0,"menu_order":0,"comment_status":"closed","ping_status":"closed","template":"","meta":[],"_links":{"self":[{"href":"http:\/\/routetoexcellence.com\/index.php?rest_route=\/wp\/v2\/pages\/182"}],"collection":[{"href":"http:\/\/routetoexcellence.com\/index.php?rest_route=\/wp\/v2\/pages"}],"about":[{"href":"http:\/\/routetoexcellence.com\/index.php?rest_route=\/wp\/v2\/types\/page"}],"author":[{"embeddable":true,"href":"http:\/\/routetoexcellence.com\/index.php?rest_route=\/wp\/v2\/users\/3"}],"replies":[{"embeddable":true,"href":"http:\/\/routetoexcellence.com\/index.php?rest_route=%2Fwp%2Fv2%2Fcomments&post=182"}],"version-history":[{"count":6,"href":"http:\/\/routetoexcellence.com\/index.php?rest_route=\/wp\/v2\/pages\/182\/revisions"}],"predecessor-version":[{"id":630,"href":"http:\/\/routetoexcellence.com\/index.php?rest_route=\/wp\/v2\/pages\/182\/revisions\/630"}],"wp:featuredmedia":[{"embeddable":true,"href":"http:\/\/routetoexcellence.com\/index.php?rest_route=\/wp\/v2\/media\/138"}],"wp:attachment":[{"href":"http:\/\/routetoexcellence.com\/index.php?rest_route=%2Fwp%2Fv2%2Fmedia&parent=182"}],"curies":[{"name":"wp","href":"https:\/\/api.w.org\/{rel}","templated":true}]}}