{"id":178,"date":"2018-07-10T13:52:23","date_gmt":"2018-07-10T13:52:23","guid":{"rendered":"http:\/\/routetoexcellence.com\/?page_id=178"},"modified":"2026-01-03T15:33:49","modified_gmt":"2026-01-03T15:33:49","slug":"domov","status":"publish","type":"page","link":"http:\/\/routetoexcellence.com\/?page_id=178&lang=sk","title":{"rendered":"Poz\u00fdvam \u0165a na cestu &#8211; N\u00e1vrat k svojej podstate"},"content":{"rendered":"<p><img decoding=\"async\" loading=\"lazy\" class=\"size-medium wp-image-740\" src=\"http:\/\/routetoexcellence.com\/wp-content\/uploads\/2025\/10\/IMG_1935-300x109.jpeg\" alt=\"\" width=\"300\" height=\"109\" srcset=\"http:\/\/routetoexcellence.com\/wp-content\/uploads\/2025\/10\/IMG_1935-300x109.jpeg 300w, http:\/\/routetoexcellence.com\/wp-content\/uploads\/2025\/10\/IMG_1935-1024x370.jpeg 1024w, http:\/\/routetoexcellence.com\/wp-content\/uploads\/2025\/10\/IMG_1935-768x278.jpeg 768w, http:\/\/routetoexcellence.com\/wp-content\/uploads\/2025\/10\/IMG_1935.jpeg 1081w\" sizes=\"(max-width: 300px) 100vw, 300px\" \/><\/p>\n<p style=\"text-align: center;\">\nVol\u00e1m sa Andrea a vytv\u00e1ram priestor pre t\u00fdch, ktor\u00ed c\u00edtia, \u017ee je \u010das uzdravi\u0165 svoje vn\u00fatro.<\/p>\n<p>Vediem medit\u00e1cie, energetick\u00e9 lie\u010denie a jemn\u00e9 rozhovory, ktor\u00e9 pom\u00e1haj\u00fa uvo\u013eni\u0165 boles\u0165 a prebudi\u0165 vn\u00fatorn\u00fd pokoj.<\/p>\n<p style=\"text-align: center;\">Ver\u00edm, \u017ee v\u0161etko, \u010do potrebujeme na lie\u010denie, u\u017e v sebe m\u00e1me.<\/p>\n<p>Program \u201eN\u00e1vrat k svojej podstate\u201c sp\u00e1ja energiu, pr\u00edtomnos\u0165 a l\u00e1skav\u00e9 vedenie, aby ti pomohol znovuobjavi\u0165 rovnov\u00e1hu, silu a rados\u0165 zo \u017eivota.<\/p>\n<p style=\"text-align: center;\">Otvor sa svojej energii, svojmu pokoju, sebe.<\/p>\n<p>\ud83d\udc49 [<a href=\"http:\/\/routetoexcellence.com\/?page_id=171&amp;lang=sk\" target=\"_blank\" rel=\"noopener\">Viac o mne<\/a> \/ <a href=\"http:\/\/routetoexcellence.com\/?page_id=192&amp;lang=sk\" target=\"_blank\" rel=\"noopener\">Rezervuj si konzult\u00e1ciu<\/a>]<\/p>\n<p style=\"text-align: center;\">\n<em>\u010co pon\u00fakame ?<\/em><\/p>\n<p style=\"text-align: center;\">N\u00e1vrat k svojej podstate: Spoj sa so svoj\u00edm prav\u00fdm ja a za\u017ei vlastn\u00fd jas.<br \/>\n\u2022 Uvo\u013enenie stresu: Zbav sa nap\u00e4tia a obj\u00edm pokoj.<br \/>\n\u2022 Emo\u010dn\u00e1 stabilita: Nau\u010d sa bezpe\u010dne prech\u00e1dza\u0165 vlastn\u00fdmi pocitmi.<br \/>\n\u2022 Zlep\u0161enie s\u00fastredenia: Bu\u010f pr\u00edtomn\u00fd\/\u00e1 v ka\u017edom okamihu.<br \/>\n\u2022 Obnova \u017eivotnej energie: Prebu\u010f svoju silu, telo aj du\u0161u.<br \/>\n\u2022 Lie\u010denie vn\u00fatorn\u00e9ho svetla: Znovuobjav svoju \u017eiaru a spojenie so sebou.<\/p>\n","protected":false},"excerpt":{"rendered":"<p>Vol\u00e1m sa Andrea a vytv\u00e1ram priestor pre t\u00fdch, ktor\u00ed c\u00edtia, \u017ee je \u010das uzdravi\u0165 svoje vn\u00fatro. Vediem medit\u00e1cie, energetick\u00e9 lie\u010denie a jemn\u00e9 rozhovory, ktor\u00e9 pom\u00e1haj\u00fa uvo\u013eni\u0165 boles\u0165 a prebudi\u0165 vn\u00fatorn\u00fd pokoj. Ver\u00edm, \u017ee v\u0161etko, \u010do potrebujeme na lie\u010denie, u\u017e v sebe m\u00e1me. Program \u201eN\u00e1vrat k svojej podstate\u201c sp\u00e1ja energiu, pr\u00edtomnos\u0165 a l\u00e1skav\u00e9 vedenie, aby ti &hellip; <\/p>\n<p class=\"link-more\"><a href=\"http:\/\/routetoexcellence.com\/?page_id=178&#038;lang=sk\" class=\"more-link\">Continue reading<span class=\"screen-reader-text\"> &#8220;Poz\u00fdvam \u0165a na cestu &#8211; N\u00e1vrat k svojej podstate&#8221;<\/span><\/a><\/p>\n","protected":false},"author":3,"featured_media":0,"parent":0,"menu_order":0,"comment_status":"closed","ping_status":"closed","template":"","meta":[],"_links":{"self":[{"href":"http:\/\/routetoexcellence.com\/index.php?rest_route=\/wp\/v2\/pages\/178"}],"collection":[{"href":"http:\/\/routetoexcellence.com\/index.php?rest_route=\/wp\/v2\/pages"}],"about":[{"href":"http:\/\/routetoexcellence.com\/index.php?rest_route=\/wp\/v2\/types\/page"}],"author":[{"embeddable":true,"href":"http:\/\/routetoexcellence.com\/index.php?rest_route=\/wp\/v2\/users\/3"}],"replies":[{"embeddable":true,"href":"http:\/\/routetoexcellence.com\/index.php?rest_route=%2Fwp%2Fv2%2Fcomments&post=178"}],"version-history":[{"count":7,"href":"http:\/\/routetoexcellence.com\/index.php?rest_route=\/wp\/v2\/pages\/178\/revisions"}],"predecessor-version":[{"id":742,"href":"http:\/\/routetoexcellence.com\/index.php?rest_route=\/wp\/v2\/pages\/178\/revisions\/742"}],"wp:attachment":[{"href":"http:\/\/routetoexcellence.com\/index.php?rest_route=%2Fwp%2Fv2%2Fmedia&parent=178"}],"curies":[{"name":"wp","href":"https:\/\/api.w.org\/{rel}","templated":true}]}}